{"id":68,"date":"2025-10-17T15:52:18","date_gmt":"2025-10-17T15:52:18","guid":{"rendered":"https:\/\/liora.bernat26.es\/?page_id=68"},"modified":"2025-11-13T17:50:25","modified_gmt":"2025-11-13T17:50:25","slug":"inicio-2","status":"publish","type":"page","link":"https:\/\/liora.bernat26.es\/","title":{"rendered":"INICIO"},"content":{"rendered":"\n<div class=\"wp-block-cover alignfull\" style=\"padding-top:0;padding-right:0;padding-bottom:0;padding-left:0\"><img loading=\"lazy\" decoding=\"async\" width=\"626\" height=\"313\" class=\"wp-block-cover__image-background wp-image-29 size-full\" alt=\"\" src=\"https:\/\/liora.bernat26.es\/wp-content\/uploads\/2025\/10\/lingotes-oro-banner-web-representacion-3d_118019-987.avif\" data-object-fit=\"cover\" srcset=\"https:\/\/liora.bernat26.es\/wp-content\/uploads\/2025\/10\/lingotes-oro-banner-web-representacion-3d_118019-987.avif 626w, https:\/\/liora.bernat26.es\/wp-content\/uploads\/2025\/10\/lingotes-oro-banner-web-representacion-3d_118019-987-300x150.jpg 300w\" sizes=\"auto, (max-width: 626px) 100vw, 626px\" \/><span aria-hidden=\"true\" class=\"wp-block-cover__background has-ast-global-color-2-background-color has-background-dim\"><\/span><div class=\"wp-block-cover__inner-container is-layout-flow wp-container-core-cover-is-layout-f8561097 wp-block-cover-is-layout-flow\">\n<div class=\"wp-block-uagb-image uagb-block-bec51b90 wp-block-uagb-image--layout-default wp-block-uagb-image--effect-static wp-block-uagb-image--align-none\"><figure class=\"wp-block-uagb-image__figure\"><img decoding=\"async\" srcset=\"https:\/\/liora.bernat26.es\/wp-content\/uploads\/2025\/10\/cropped-cropped-imagen_2025-10-14_165259398.png ,https:\/\/liora.bernat26.es\/wp-content\/uploads\/2025\/10\/cropped-cropped-imagen_2025-10-14_165259398.png 780w, https:\/\/liora.bernat26.es\/wp-content\/uploads\/2025\/10\/cropped-cropped-imagen_2025-10-14_165259398.png 360w\" sizes=\"auto, (max-width: 480px) 150px\" src=\"https:\/\/liora.bernat26.es\/wp-content\/uploads\/2025\/10\/cropped-cropped-imagen_2025-10-14_165259398.png\" alt=\"\" class=\"uag-image-48\" width=\"512\" height=\"275\" title=\"cropped-cropped-imagen_2025-10-14_165259398.png\" loading=\"lazy\" role=\"img\"\/><\/figure><\/div>\n<\/div><\/div>\n\n\n\n<div class=\"wp-block-group alignfull is-layout-constrained wp-container-core-group-is-layout-9cedb757 wp-block-group-is-layout-constrained\" id=\"aboutus\" style=\"padding-bottom:0px\">\n<div class=\"wp-block-uagb-advanced-heading uagb-block-d7b3d240\"><h2 class=\"uagb-heading-text\">Quien somos?<\/h2><\/div>\n\n\n\n<div class=\"wp-block-columns are-vertically-aligned-top is-layout-flex wp-container-core-columns-is-layout-00723822 wp-block-columns-is-layout-flex\">\n<div class=\"wp-block-column is-vertically-aligned-top is-layout-flow wp-container-core-column-is-layout-6b73ce23 wp-block-column-is-layout-flow\">\n<div class=\"wp-block-group is-nowrap is-layout-flex wp-container-core-group-is-layout-6c531013 wp-block-group-is-layout-flex\">\n<p class=\"has-text-align-left has-white-color has-text-color has-link-color wp-elements-3998f8ceb350948ef8331e47c151e887\">En <strong>Liora<\/strong>, creemos que el perfume es m\u00e1s que una fragancia: es una forma de expresi\u00f3n.<br>Somos una perfumer\u00eda online que combina elegancia, innovaci\u00f3n y personalizaci\u00f3n.<br>Ofrecemos perfumes exclusivos, recomendaciones seg\u00fan tu estilo y la posibilidad de <strong>crear tu propio aroma<\/strong> junto a nuestros expertos.<br>Tu esencia, tu historia, tu perfume. \u2728<\/p>\n\n\n<div class=\"wp-block-site-logo\"><a href=\"https:\/\/liora.bernat26.es\/\" class=\"custom-logo-link\" rel=\"home\"><img loading=\"lazy\" decoding=\"async\" width=\"223\" height=\"223\" src=\"https:\/\/liora.bernat26.es\/wp-content\/uploads\/2025\/10\/cropped-imagen_2025-10-14_165259398-150x150.png\" class=\"custom-logo\" alt=\"LIORA\" srcset=\"https:\/\/liora.bernat26.es\/wp-content\/uploads\/2025\/10\/cropped-imagen_2025-10-14_165259398.png 512w, https:\/\/liora.bernat26.es\/wp-content\/uploads\/2025\/10\/cropped-imagen_2025-10-14_165259398-300x300.png 300w, https:\/\/liora.bernat26.es\/wp-content\/uploads\/2025\/10\/cropped-imagen_2025-10-14_165259398-150x150.png 150w\" sizes=\"auto, (max-width: 223px) 100vw, 223px\" \/><\/a><\/div><\/div>\n<\/div>\n<\/div>\n<\/div>\n\n\n\n<div class=\"wp-block-group alignfull has-ast-global-color-7-background-color has-background is-layout-constrained wp-container-core-group-is-layout-91655dae wp-block-group-is-layout-constrained\" id=\"servicios\" style=\"padding-top:0px;padding-right:var(--wp--preset--spacing--80);padding-bottom:0px;padding-left:var(--wp--preset--spacing--80)\">\n<div class=\"wp-block-uagb-advanced-heading uagb-block-e13b7511\"><h2 class=\"uagb-heading-text\">Nuestros servicios<\/h2><\/div>\n\n\n\n<div class=\"wp-block-columns is-layout-flex wp-container-core-columns-is-layout-60cbf9bb wp-block-columns-is-layout-flex\" style=\"margin-top:50px\">\n<div class=\"wp-block-column is-layout-flow wp-container-core-column-is-layout-6b73ce23 wp-block-column-is-layout-flow\">\n<figure class=\"wp-block-image size-full\"><img loading=\"lazy\" decoding=\"async\" width=\"1024\" height=\"1536\" src=\"https:\/\/liora.bernat26.es\/wp-content\/uploads\/2025\/10\/Perfume1.png\" alt=\"\" class=\"wp-image-134\" srcset=\"https:\/\/liora.bernat26.es\/wp-content\/uploads\/2025\/10\/Perfume1.png 1024w, https:\/\/liora.bernat26.es\/wp-content\/uploads\/2025\/10\/Perfume1-200x300.png 200w, https:\/\/liora.bernat26.es\/wp-content\/uploads\/2025\/10\/Perfume1-683x1024.png 683w, https:\/\/liora.bernat26.es\/wp-content\/uploads\/2025\/10\/Perfume1-768x1152.png 768w\" sizes=\"auto, (max-width: 1024px) 100vw, 1024px\" \/><\/figure>\n\n\n\n<p class=\"has-white-color has-text-color has-link-color wp-elements-34d0d0b5e0ae7aef0d9ed3631374ad52\">Descubre nuestra colecci\u00f3n de fragancias exclusivas y encuentra la esencia que mejor te define.<\/p>\n\n\n\n<div class=\"wp-block-uagb-buttons uagb-buttons__outer-wrap uagb-btn__default-btn uagb-btn-tablet__default-btn uagb-btn-mobile__default-btn uagb-block-8c36c1b4\"><div class=\"uagb-buttons__wrap uagb-buttons-layout-wrap \">\n<div class=\"wp-block-uagb-buttons-child uagb-buttons__outer-wrap uagb-block-46ef1b45 wp-block-button\"><div class=\"uagb-button__wrapper\"><a class=\"uagb-buttons-repeater wp-block-button__link\" aria-label=\"\" href=\"#\" rel=\"follow noopener\" target=\"_self\" role=\"button\"><div class=\"uagb-button__link\">PERFUMES<\/div><\/a><\/div><\/div>\n<\/div><\/div>\n<\/div>\n\n\n\n<div class=\"wp-block-column is-layout-flow wp-container-core-column-is-layout-6b73ce23 wp-block-column-is-layout-flow\">\n<figure class=\"wp-block-image size-full\"><img loading=\"lazy\" decoding=\"async\" width=\"1024\" height=\"1536\" src=\"https:\/\/liora.bernat26.es\/wp-content\/uploads\/2025\/10\/Perfume2.png\" alt=\"\" class=\"wp-image-135\" srcset=\"https:\/\/liora.bernat26.es\/wp-content\/uploads\/2025\/10\/Perfume2.png 1024w, https:\/\/liora.bernat26.es\/wp-content\/uploads\/2025\/10\/Perfume2-200x300.png 200w, https:\/\/liora.bernat26.es\/wp-content\/uploads\/2025\/10\/Perfume2-683x1024.png 683w, https:\/\/liora.bernat26.es\/wp-content\/uploads\/2025\/10\/Perfume2-768x1152.png 768w\" sizes=\"auto, (max-width: 1024px) 100vw, 1024px\" \/><\/figure>\n\n\n\n<p class=\"has-white-color has-text-color has-link-color wp-elements-063a85060a79c8a833c271759d771ff0\">D\u00e9jate guiar por nuestros expertos y recibe una recomendaci\u00f3n personalizada seg\u00fan tus gustos y estilo.<\/p>\n\n\n\n<div class=\"wp-block-uagb-buttons uagb-buttons__outer-wrap uagb-btn__default-btn uagb-btn-tablet__default-btn uagb-btn-mobile__default-btn uagb-block-43507967\"><div class=\"uagb-buttons__wrap uagb-buttons-layout-wrap \">\n<div class=\"wp-block-uagb-buttons-child uagb-buttons__outer-wrap uagb-block-62a2b0e3 wp-block-button\"><div class=\"uagb-button__wrapper\"><a class=\"uagb-buttons-repeater wp-block-button__link\" aria-label=\"\" href=\"#\" rel=\"follow noopener\" target=\"_self\" role=\"button\"><div class=\"uagb-button__link\">ASESOR\u00cdA<\/div><\/a><\/div><\/div>\n<\/div><\/div>\n<\/div>\n\n\n\n<div class=\"wp-block-column is-layout-flow wp-container-core-column-is-layout-6b73ce23 wp-block-column-is-layout-flow\">\n<figure class=\"wp-block-image size-full\"><img loading=\"lazy\" decoding=\"async\" width=\"1024\" height=\"1536\" src=\"https:\/\/liora.bernat26.es\/wp-content\/uploads\/2025\/10\/Perfume3.png\" alt=\"\" class=\"wp-image-136\" srcset=\"https:\/\/liora.bernat26.es\/wp-content\/uploads\/2025\/10\/Perfume3.png 1024w, https:\/\/liora.bernat26.es\/wp-content\/uploads\/2025\/10\/Perfume3-200x300.png 200w, https:\/\/liora.bernat26.es\/wp-content\/uploads\/2025\/10\/Perfume3-683x1024.png 683w, https:\/\/liora.bernat26.es\/wp-content\/uploads\/2025\/10\/Perfume3-768x1152.png 768w\" sizes=\"auto, (max-width: 1024px) 100vw, 1024px\" \/><\/figure>\n\n\n\n<p class=\"has-white-color has-text-color has-link-color wp-elements-d837f4bce8a07002e8ddf73733420489\">Vive la experiencia \u00fanica de dise\u00f1ar tu propia fragancia con ayuda de nuestros profesionales.<\/p>\n\n\n\n<div class=\"wp-block-uagb-buttons uagb-buttons__outer-wrap uagb-btn__default-btn uagb-btn-tablet__default-btn uagb-btn-mobile__default-btn uagb-block-f807dc7c\"><div class=\"uagb-buttons__wrap uagb-buttons-layout-wrap \">\n<div class=\"wp-block-uagb-buttons-child uagb-buttons__outer-wrap uagb-block-f41be3be wp-block-button\"><div class=\"uagb-button__wrapper\"><a class=\"uagb-buttons-repeater wp-block-button__link\" aria-label=\"\" href=\"#\" rel=\"follow noopener\" target=\"_self\" role=\"button\"><div class=\"uagb-button__link\">TU PERFUME<\/div><\/a><\/div><\/div>\n<\/div><\/div>\n<\/div>\n<\/div>\n<\/div>\n\n\n\n<div class=\"wp-block-group alignfull is-layout-constrained wp-block-group-is-layout-constrained\" id=\"servicios\" style=\"padding-top:144px;padding-bottom:0px\">\n<div class=\"wp-block-uagb-advanced-heading uagb-block-2fa04957\"><h2 class=\"uagb-heading-text\">Valoraciones<\/h2><\/div>\n\n\n\n<div class=\"wp-block-group alignwide is-content-justification-center is-layout-constrained wp-container-core-group-is-layout-8d0b6297 wp-block-group-is-layout-constrained\" id=\"valoraciones\">\n<div class=\"wp-block-uagb-slider uagb-block-dededd16 uagb-slider-container\"><div class=\"uagb-slides uagb-swiper\"><div class=\"swiper-wrapper\">\n<div class=\"wp-block-uagb-slider-child uagb-slider-child-wrap swiper-slide uagb-block-1c67f218\"><div class=\"swiper-content\">\n<div class=\"wp-block-uagb-container uagb-block-9f30cdfb alignfull uagb-is-root-container\"><div class=\"uagb-container-inner-blocks-wrap\">\n<div class=\"wp-block-uagb-image uagb-block-acc3315d wp-block-uagb-image--layout-default wp-block-uagb-image--effect-static wp-block-uagb-image--align-none\"><figure class=\"wp-block-uagb-image__figure\"><img decoding=\"async\" srcset=\"https:\/\/liora.bernat26.es\/wp-content\/uploads\/2025\/10\/assets_task_01k7shpep0fgq8na1a0bj0qg8c_1760720315_img_0-1-683x1024.png ,https:\/\/liora.bernat26.es\/wp-content\/uploads\/2025\/10\/assets_task_01k7shpep0fgq8na1a0bj0qg8c_1760720315_img_0-1.png 780w, https:\/\/liora.bernat26.es\/wp-content\/uploads\/2025\/10\/assets_task_01k7shpep0fgq8na1a0bj0qg8c_1760720315_img_0-1.png 360w\" sizes=\"auto, (max-width: 480px) 150px\" src=\"https:\/\/liora.bernat26.es\/wp-content\/uploads\/2025\/10\/assets_task_01k7shpep0fgq8na1a0bj0qg8c_1760720315_img_0-1-683x1024.png\" alt=\"\" class=\"uag-image-93\" width=\"150\" height=\"200\" title=\"assets_task_01k7shpep0fgq8na1a0bj0qg8c_1760720315_img_0\" loading=\"lazy\" role=\"img\"\/><\/figure><\/div>\n\n\n\n<div class=\"wp-block-uagb-info-box uagb-block-2128b3a3 uagb-infobox__content-wrap  uagb-infobox-icon-above-title uagb-infobox-image-valign-top\"><div class=\"uagb-ifb-content\"><div class=\"uagb-ifb-icon-wrap\"><svg xmlns=\"https:\/\/www.w3.org\/2000\/svg\" viewBox=\"0 0 384 512\"><path d=\"M381.2 172.8C377.1 164.9 368.9 160 360 160h-156.6l50.84-127.1c2.969-7.375 2.062-15.78-2.406-22.38S239.1 0 232 0h-176C43.97 0 33.81 8.906 32.22 20.84l-32 240C-.7179 267.7 1.376 274.6 5.938 279.8C10.5 285 17.09 288 24 288h146.3l-41.78 194.1c-2.406 11.22 3.469 22.56 14 27.09C145.6 511.4 148.8 512 152 512c7.719 0 15.22-3.75 19.81-10.44l208-304C384.8 190.2 385.4 180.7 381.2 172.8z\"><\/path><\/svg><\/div><div class=\"uagb-ifb-title-wrap\"><h3 class=\"uagb-ifb-title\">HARRY POTTER<\/h3><\/div><p class=\"uagb-ifb-desc\">\u201cSiempre me ha fascinado el mundo de los aromas, y en Liora encontr\u00e9 algo casi m\u00e1gico. Su servicio de <strong>recomendaci\u00f3n personalizada<\/strong> me ayud\u00f3 a descubrir una fragancia que encaja perfectamente conmigo \u2014 elegante, misteriosa y con un toque encantador. Una experiencia \u00fanica.\u201d<\/p><\/div><\/div>\n<\/div><\/div>\n<\/div><\/div>\n\n\n\n<div class=\"wp-block-uagb-slider-child uagb-slider-child-wrap swiper-slide uagb-block-2e12203d\"><div class=\"swiper-content\">\n<div class=\"wp-block-uagb-image uagb-block-b8c4afb5 wp-block-uagb-image--layout-default wp-block-uagb-image--effect-static wp-block-uagb-image--align-none\"><figure class=\"wp-block-uagb-image__figure\"><img decoding=\"async\" srcset=\"https:\/\/liora.bernat26.es\/wp-content\/uploads\/2025\/10\/assets_task_01k8130qtwfcg8d6ryrm5vkmst_1760973357_img_0-683x1024.png ,https:\/\/liora.bernat26.es\/wp-content\/uploads\/2025\/10\/assets_task_01k8130qtwfcg8d6ryrm5vkmst_1760973357_img_0.png 780w, https:\/\/liora.bernat26.es\/wp-content\/uploads\/2025\/10\/assets_task_01k8130qtwfcg8d6ryrm5vkmst_1760973357_img_0.png 360w\" sizes=\"auto, (max-width: 480px) 150px\" src=\"https:\/\/liora.bernat26.es\/wp-content\/uploads\/2025\/10\/assets_task_01k8130qtwfcg8d6ryrm5vkmst_1760973357_img_0-683x1024.png\" alt=\"\" class=\"uag-image-91\" width=\"150\" height=\"200\" title=\"assets_task_01k8130qtwfcg8d6ryrm5vkmst_1760973357_img_0\" loading=\"lazy\" role=\"img\"\/><\/figure><\/div>\n\n\n\n<div class=\"wp-block-uagb-container uagb-block-f4e7d545 alignfull uagb-is-root-container\"><div class=\"uagb-container-inner-blocks-wrap\">\n<div class=\"wp-block-uagb-info-box uagb-block-37f8e718 uagb-infobox__content-wrap  uagb-infobox-icon-above-title uagb-infobox-image-valign-top\"><div class=\"uagb-ifb-content\"><div class=\"uagb-ifb-icon-wrap\"><svg xmlns=\"https:\/\/www.w3.org\/2000\/svg\" viewBox=\"0 0 640 512\"><path d=\"M412.6 182c-10.28-8.334-25.41-6.867-33.75 3.402c-8.406 10.24-6.906 25.35 3.375 33.74C393.5 228.4 400 241.8 400 255.1c0 14.17-6.5 27.59-17.81 36.83c-10.28 8.396-11.78 23.5-3.375 33.74c4.719 5.806 11.62 8.802 18.56 8.802c5.344 0 10.75-1.779 15.19-5.399C435.1 311.5 448 284.6 448 255.1S435.1 200.4 412.6 182zM473.1 108.2c-10.22-8.334-25.34-6.898-33.78 3.34c-8.406 10.24-6.906 25.35 3.344 33.74C476.6 172.1 496 213.3 496 255.1s-19.44 82.1-53.31 110.7c-10.25 8.396-11.75 23.5-3.344 33.74c4.75 5.775 11.62 8.771 18.56 8.771c5.375 0 10.75-1.779 15.22-5.431C518.2 366.9 544 313 544 255.1S518.2 145 473.1 108.2zM534.4 33.4c-10.22-8.334-25.34-6.867-33.78 3.34c-8.406 10.24-6.906 25.35 3.344 33.74C559.9 116.3 592 183.9 592 255.1s-32.09 139.7-88.06 185.5c-10.25 8.396-11.75 23.5-3.344 33.74C505.3 481 512.2 484 519.2 484c5.375 0 10.75-1.779 15.22-5.431C601.5 423.6 640 342.5 640 255.1S601.5 88.34 534.4 33.4zM301.2 34.98c-11.5-5.181-25.01-3.076-34.43 5.29L131.8 160.1H48c-26.51 0-48 21.48-48 47.96v95.92c0 26.48 21.49 47.96 48 47.96h83.84l134.9 119.8C272.7 477 280.3 479.8 288 479.8c4.438 0 8.959-.9314 13.16-2.835C312.7 471.8 320 460.4 320 447.9V64.12C320 51.55 312.7 40.13 301.2 34.98z\"><\/path><\/svg><\/div><div class=\"uagb-ifb-title-wrap\"><h3 class=\"uagb-ifb-title\">Adam Levine<\/h3><\/div><p class=\"uagb-ifb-desc\">Lo que me gusta de Liora es que cada perfume tiene alma. Prob\u00e9 su <strong>asesor\u00eda personalizada<\/strong> y termin\u00e9 con una fragancia que refleja exactamente mi estilo: moderna, sensual y aut\u00e9ntica. Adem\u00e1s, el dise\u00f1o de la web es limpio y sofisticado. Muy top.<\/p><\/div><\/div>\n<\/div><\/div>\n<\/div><\/div>\n\n\n\n<div class=\"wp-block-uagb-slider-child uagb-slider-child-wrap swiper-slide uagb-block-d47bdaf3\"><div class=\"swiper-content\">\n<div class=\"wp-block-uagb-container uagb-block-77eade1b alignfull uagb-is-root-container\"><div class=\"uagb-container-inner-blocks-wrap\">\n<div class=\"wp-block-uagb-image uagb-block-45b6b866 wp-block-uagb-image--layout-default wp-block-uagb-image--effect-static wp-block-uagb-image--align-none\"><figure class=\"wp-block-uagb-image__figure\"><img decoding=\"async\" srcset=\"https:\/\/liora.bernat26.es\/wp-content\/uploads\/2025\/10\/assets_task_01k818r2fjfhx985fdd8s757hj_1760979430_img_0-683x1024.png ,https:\/\/liora.bernat26.es\/wp-content\/uploads\/2025\/10\/assets_task_01k818r2fjfhx985fdd8s757hj_1760979430_img_0.png 780w, https:\/\/liora.bernat26.es\/wp-content\/uploads\/2025\/10\/assets_task_01k818r2fjfhx985fdd8s757hj_1760979430_img_0.png 360w\" sizes=\"auto, (max-width: 480px) 150px\" src=\"https:\/\/liora.bernat26.es\/wp-content\/uploads\/2025\/10\/assets_task_01k818r2fjfhx985fdd8s757hj_1760979430_img_0-683x1024.png\" alt=\"\" class=\"uag-image-95\" width=\"150\" height=\"200\" title=\"assets_task_01k818r2fjfhx985fdd8s757hj_1760979430_img_0\" loading=\"lazy\" role=\"img\"\/><\/figure><\/div>\n\n\n\n<div class=\"wp-block-uagb-info-box uagb-block-dc3cfdf9 uagb-infobox__content-wrap  uagb-infobox-icon-above-title uagb-infobox-image-valign-top\"><div class=\"uagb-ifb-content\"><div class=\"uagb-ifb-icon-wrap\"><svg xmlns=\"https:\/\/www.w3.org\/2000\/svg\" viewBox=\"0 0 512 512\"><path d=\"M512 256C512 397.4 397.4 512 256 512C114.6 512 0 397.4 0 256C0 114.6 114.6 0 256 0C397.4 0 512 114.6 512 256zM57.71 192.1L67.07 209.4C75.36 223.9 88.99 234.6 105.1 239.2L162.1 255.7C180.2 260.6 192 276.3 192 294.2V334.1C192 345.1 198.2 355.1 208 359.1C217.8 364.9 224 374.9 224 385.9V424.9C224 440.5 238.9 451.7 253.9 447.4C270.1 442.8 282.5 429.1 286.6 413.7L289.4 402.5C293.6 385.6 304.6 371.1 319.7 362.4L327.8 357.8C342.8 349.3 352 333.4 352 316.1V307.9C352 295.1 346.9 282.9 337.9 273.9L334.1 270.1C325.1 261.1 312.8 255.1 300.1 255.1H256.1C245.9 255.1 234.9 253.1 225.2 247.6L190.7 227.8C186.4 225.4 183.1 221.4 181.6 216.7C178.4 207.1 182.7 196.7 191.7 192.1L197.7 189.2C204.3 185.9 211.9 185.3 218.1 187.7L242.2 195.4C250.3 198.1 259.3 195 264.1 187.9C268.8 180.8 268.3 171.5 262.9 165L249.3 148.8C239.3 136.8 239.4 119.3 249.6 107.5L265.3 89.12C274.1 78.85 275.5 64.16 268.8 52.42L266.4 48.26C262.1 48.09 259.5 48 256 48C163.1 48 84.4 108.9 57.71 192.1L57.71 192.1zM437.6 154.5L412 164.8C396.3 171.1 388.2 188.5 393.5 204.6L410.4 255.3C413.9 265.7 422.4 273.6 433 276.3L462.2 283.5C463.4 274.5 464 265.3 464 256C464 219.2 454.4 184.6 437.6 154.5H437.6z\"><\/path><\/svg><\/div><div class=\"uagb-ifb-title-wrap\"><h3 class=\"uagb-ifb-title\">Rihanna<\/h3><\/div><p class=\"uagb-ifb-desc\">Los perfumes de <strong>Liora<\/strong> tienen una energ\u00eda incre\u00edble. Prob\u00e9 su servicio de asesor\u00eda personalizada y me ayudaron a encontrar mi aroma perfecto. Es como si hubieran embotellado la confianza.<\/p><\/div><\/div>\n<\/div><\/div>\n<\/div><\/div>\n<\/div><\/div><div class=\"swiper-pagination\"><\/div><div class=\"swiper-button-prev\"><\/div><div class=\"swiper-button-next\"><\/div><\/div>\n<\/div>\n<\/div>\n\n\n\n<div class=\"wp-block-uagb-container uagb-block-4838689e alignfull uagb-is-root-container\"><div class=\"uagb-container-inner-blocks-wrap\">\n<div class=\"wp-block-uagb-advanced-heading uagb-block-8c563f66\"><h2 class=\"uagb-heading-text\">Nuestras Marcas<\/h2><\/div>\n\n\n\n<div class=\"wp-block-uagb-container uagb-block-a10d9941\">\n<div class=\"wp-block-uagb-container uagb-block-7ca78168\">\n<figure class=\"wp-block-table\"><table class=\"has-fixed-layout\" style=\"border-style:none;border-width:0px\"><tbody><tr><td class=\"has-text-align-center\" data-align=\"center\">Chanel<\/td><td class=\"has-text-align-center\" data-align=\"center\">Dior<\/td><td class=\"has-text-align-center\" data-align=\"center\"><strong>Yves Saint Laurent<\/strong><\/td><\/tr><tr><td class=\"has-text-align-center\" data-align=\"center\"><strong>Gucci<\/strong><\/td><td class=\"has-text-align-center\" data-align=\"center\"><strong>Tom Ford<\/strong><\/td><td class=\"has-text-align-center\" data-align=\"center\">Armani<\/td><\/tr><tr><td class=\"has-text-align-center\" data-align=\"center\">Lanc\u00f4me<\/td><td class=\"has-text-align-center\" data-align=\"center\">Versace<\/td><td class=\"has-text-align-center\" data-align=\"center\"><strong>Jean Paul Gaultier<\/strong><\/td><\/tr><tr><td class=\"has-text-align-center\" data-align=\"center\"><strong>Paco Rabanne<\/strong><\/td><td class=\"has-text-align-center\" data-align=\"center\"><strong>Carolina Herrera<\/strong><\/td><td class=\"has-text-align-center\" data-align=\"center\">Burberry<\/td><\/tr><tr><td class=\"has-text-align-center\" data-align=\"center\">Givenchy<\/td><td class=\"has-text-align-center\" data-align=\"center\">Xerjoff<\/td><td class=\"has-text-align-center\" data-align=\"center\">Dolce &amp; Gabbana<\/td><\/tr><\/tbody><\/table><\/figure>\n<\/div>\n<\/div>\n<\/div><\/div>\n","protected":false},"excerpt":{"rendered":"<p>Quien somos? En Liora, creemos que el perfume es m\u00e1s que una fragancia: es una forma de expresi\u00f3n.Somos una perfumer\u00eda [&hellip;]<\/p>\n","protected":false},"author":1,"featured_media":0,"parent":0,"menu_order":0,"comment_status":"closed","ping_status":"closed","template":"","meta":{"_uag_custom_page_level_css":"","site-sidebar-layout":"default","site-content-layout":"","ast-site-content-layout":"default","site-content-style":"default","site-sidebar-style":"default","ast-global-header-display":"","ast-banner-title-visibility":"","ast-main-header-display":"","ast-hfb-above-header-display":"","ast-hfb-below-header-display":"","ast-hfb-mobile-header-display":"","site-post-title":"disabled","ast-breadcrumbs-content":"","ast-featured-img":"","footer-sml-layout":"","theme-transparent-header-meta":"","adv-header-id-meta":"","stick-header-meta":"","header-above-stick-meta":"","header-main-stick-meta":"","header-below-stick-meta":"","astra-migrate-meta-layouts":"default","ast-page-background-enabled":"default","ast-page-background-meta":{"desktop":{"background-color":"var(--ast-global-color-5)","background-image":"","background-repeat":"repeat","background-position":"center center","background-size":"auto","background-attachment":"scroll","background-type":"","background-media":"","overlay-type":"","overlay-color":"","overlay-opacity":"","overlay-gradient":""},"tablet":{"background-color":"","background-image":"","background-repeat":"repeat","background-position":"center center","background-size":"auto","background-attachment":"scroll","background-type":"","background-media":"","overlay-type":"","overlay-color":"","overlay-opacity":"","overlay-gradient":""},"mobile":{"background-color":"","background-image":"","background-repeat":"repeat","background-position":"center center","background-size":"auto","background-attachment":"scroll","background-type":"","background-media":"","overlay-type":"","overlay-color":"","overlay-opacity":"","overlay-gradient":""}},"ast-content-background-meta":{"desktop":{"background-color":"var(--ast-global-color-4)","background-image":"","background-repeat":"repeat","background-position":"center center","background-size":"auto","background-attachment":"scroll","background-type":"","background-media":"","overlay-type":"","overlay-color":"","overlay-opacity":"","overlay-gradient":""},"tablet":{"background-color":"var(--ast-global-color-4)","background-image":"","background-repeat":"repeat","background-position":"center center","background-size":"auto","background-attachment":"scroll","background-type":"","background-media":"","overlay-type":"","overlay-color":"","overlay-opacity":"","overlay-gradient":""},"mobile":{"background-color":"var(--ast-global-color-4)","background-image":"","background-repeat":"repeat","background-position":"center center","background-size":"auto","background-attachment":"scroll","background-type":"","background-media":"","overlay-type":"","overlay-color":"","overlay-opacity":"","overlay-gradient":""}},"footnotes":""},"class_list":["post-68","page","type-page","status-publish","hentry"],"uagb_featured_image_src":{"full":false,"thumbnail":false,"medium":false,"medium_large":false,"large":false,"1536x1536":false,"2048x2048":false},"uagb_author_info":{"display_name":"admin","author_link":"https:\/\/liora.bernat26.es\/author\/jancondefp"},"uagb_comment_info":0,"uagb_excerpt":"Quien somos? En Liora, creemos que el perfume es m\u00e1s que una fragancia: es una forma de expresi\u00f3n.Somos una perfumer\u00eda [&hellip;]","_links":{"self":[{"href":"https:\/\/liora.bernat26.es\/index.php?rest_route=\/wp\/v2\/pages\/68","targetHints":{"allow":["GET"]}}],"collection":[{"href":"https:\/\/liora.bernat26.es\/index.php?rest_route=\/wp\/v2\/pages"}],"about":[{"href":"https:\/\/liora.bernat26.es\/index.php?rest_route=\/wp\/v2\/types\/page"}],"author":[{"embeddable":true,"href":"https:\/\/liora.bernat26.es\/index.php?rest_route=\/wp\/v2\/users\/1"}],"replies":[{"embeddable":true,"href":"https:\/\/liora.bernat26.es\/index.php?rest_route=%2Fwp%2Fv2%2Fcomments&post=68"}],"version-history":[{"count":41,"href":"https:\/\/liora.bernat26.es\/index.php?rest_route=\/wp\/v2\/pages\/68\/revisions"}],"predecessor-version":[{"id":193,"href":"https:\/\/liora.bernat26.es\/index.php?rest_route=\/wp\/v2\/pages\/68\/revisions\/193"}],"wp:attachment":[{"href":"https:\/\/liora.bernat26.es\/index.php?rest_route=%2Fwp%2Fv2%2Fmedia&parent=68"}],"curies":[{"name":"wp","href":"https:\/\/api.w.org\/{rel}","templated":true}]}}